{"id":11463,"date":"2026-02-03T12:15:33","date_gmt":"2026-02-03T11:15:33","guid":{"rendered":"https:\/\/www.athlon.eus\/lege-oharra\/"},"modified":"2026-04-27T12:48:47","modified_gmt":"2026-04-27T11:48:47","slug":"aviso-legal","status":"publish","type":"page","link":"https:\/\/www.athlon.eus\/es\/aviso-legal\/","title":{"rendered":"Aviso legal"},"content":{"rendered":"\t\t<div data-elementor-type=\"wp-page\" data-elementor-id=\"11463\" class=\"elementor elementor-11463 elementor-5362\" data-elementor-post-type=\"page\">\n\t\t\t\t<div class=\"elementor-element elementor-element-a3e5385 e-con-full e-flex elementor-invisible e-con e-parent\" data-id=\"a3e5385\" data-element_type=\"container\" data-e-type=\"container\" data-settings=\"{&quot;background_background&quot;:&quot;classic&quot;,&quot;animation&quot;:&quot;fadeIn&quot;,&quot;animation_widescreen&quot;:&quot;fadeIn&quot;}\">\n\t\t\t\t<div class=\"elementor-element elementor-element-eba2330 elementor-widescreen-align-left elementor-tablet-align-center elementor-widget elementor-widget-breadcrumbs\" data-id=\"eba2330\" data-element_type=\"widget\" data-e-type=\"widget\" data-widget_type=\"breadcrumbs.default\">\n\t\t\t\t\t<p id=\"breadcrumbs\"><span><span><a href=\"https:\/\/www.athlon.eus\/es\/\">Inicio<\/a><\/span><\/span><\/p>\t\t\t\t<\/div>\n\t\t\t\t<div class=\"elementor-element elementor-element-196fc0d elementor-widget elementor-widget-heading\" data-id=\"196fc0d\" data-element_type=\"widget\" data-e-type=\"widget\" data-widget_type=\"heading.default\">\n\t\t\t\t\t<h1 class=\"elementor-heading-title elementor-size-default\">Aviso legal<\/h1>\t\t\t\t<\/div>\n\t\t\t\t<\/div>\n\t\t<div class=\"elementor-element elementor-element-56981a5e e-con-full e-flex elementor-invisible e-con e-parent\" data-id=\"56981a5e\" data-element_type=\"container\" data-e-type=\"container\" data-settings=\"{&quot;animation&quot;:&quot;fadeInUp&quot;}\">\n\t\t\t\t<div class=\"elementor-element elementor-element-3182c921 elementor-widget elementor-widget-text-editor\" data-id=\"3182c921\" data-element_type=\"widget\" data-e-type=\"widget\" data-widget_type=\"text-editor.default\">\n\t\t\t\t\t\t\t\t\t<h4>Informaci\u00f3n y condiciones de uso\u00a0<\/h4><p><strong>Informaci\u00f3n legal<\/strong><\/p><p>El art\u00edculo 10 de la Ley 34\/2002, de 11 de julio, de Servicios de la Sociedad de la Informaci\u00f3n y de Comercio Electr\u00f3nico establece la obligaci\u00f3n de todos los prestadores de servicios de la sociedad de la informaci\u00f3n de disponer de medios que permitan, tanto a los destinatarios del servicio como a los \u00f3rganos competentes, a acceder por medios electr\u00f3nicos, de forma permanente, f\u00e1cil, directa y gratuita a determinada informaci\u00f3n que proporcionamos en este apartado.<\/p><p>Datos del titular del sitio web www.athlon.eus:<\/p><p><em>Titular<\/em>: ATHLON, S. COOP.<\/p><p><em>NIF<\/em>: F20332748<\/p><p><em>Domicilio<\/em>: calle Loramendi, n\u00ba 4<\/p><p>20500 de Mondrag\u00f3n (Guip\u00fazcoa)<\/p><p><em>Tfno<\/em>.: 943 712 033<\/p><p><em>Correo electr\u00f3nico<\/em>: athlon@athlon.eus<\/p><p><em>Datos de inscripci\u00f3n registral<\/em>: ATHLON, S. COOP. se encuentra inscrita en el Registro de Cooperativas de Euskadi, al Folio 32 del Libro de Inscripciones de Sociedades Cooperativas, n\u00famero de inscripci\u00f3n 90.3.692.<\/p><p><strong>Condiciones de uso del sitio web:<\/strong><\/p><p>Al usar el sitio web www.athlon.eus, se entiende que el usuario ha le\u00eddo, entendido y aceptado \u00edntegramente y sin reservas este aviso legal, la <a href=\"https:\/\/www.athlon.eus\/politica-de-privacidad\/\">pol\u00edtica de privacidad<\/a> y dem\u00e1s avisos o instrucciones que figuran en este sitio web, comprometi\u00e9ndose a hacer un buen uso del mismo conforme a la ley, la moral y el orden p\u00fablico.\u00a0<\/p><p>En caso de que el usuario no est\u00e9 de acuerdo, deber\u00e1 abstenerse de utilizar el sitio web www.athlon.eus.<\/p><p>ATHLON, S. COOP. se reserva el derecho de modificar en cualquier momento los contenidos, informaciones, los t\u00e9rminos de este sitio web, de las presentes condiciones de uso, pol\u00edticas de privacidad y dem\u00e1s avisos legales. En este caso, informaremos a los usuarios a trav\u00e9s del sitio web o enviando un correo electr\u00f3nico informativo a quien nos lo solicite al objeto de que puedan decidir si desean continuar utilizando el sitio web.<\/p><p>En el sitio web www.athlon.eus pueden existir enlaces a otros sitios o p\u00e1ginas web de terceros si bien no asume ning\u00fan tipo de responsabilidad sobre ellos ya que no tiene ning\u00fan tipo de control sobre los mismos. Por ello, el usuario accede bajo su exclusiva responsabilidad tanto al contenido que ofrecen como a sus condiciones de uso.<\/p><p><strong>Derechos de autor y propiedad intelectual<\/strong><\/p><p>El usuario reconoce y acepta que todas las marcas, nombres comerciales o signos distintivos, contenidos, todos los derechos de propiedad industrial e intelectual, y\/o cualesquiera otros elementos insertados en este sitio web, son propiedad exclusiva de ATHLON, S. COOP. y\/o de terceros, quienes tiene el derecho exclusivo de utilizarlos en el tr\u00e1fico econ\u00f3mico.\u00a0<\/p><p>En ning\u00fan caso el acceso a la p\u00e1gina web implica ning\u00fan tipo de renuncia, transmisi\u00f3n, licencia o cesi\u00f3n total ni parcial de dichos derechos, salvo que se establezca expresamente lo contrario.<\/p><p>De acuerdo con lo expuesto en el p\u00e1rrafo anterior, los usuarios de este sitio web tienen prohibida su reproducci\u00f3n, copia, cesi\u00f3n, distribuci\u00f3n, modificaci\u00f3n o cualquier otro uso, de forma total o parcial, respecto de la informaci\u00f3n y contenido de este sitio web sin la autorizaci\u00f3n previa y por escrita de ATHLON, S. COOP.<\/p><p>El contenido de este sitio web no podr\u00e1 ser reproducido ni en todo ni en parte, ni transmitido, ni registrado por ning\u00fan sistema de recuperaci\u00f3n de informaci\u00f3n, en ninguna forma ni en ning\u00fan medio, a menos que se cuente con la autorizaci\u00f3n previa, por escrito, de la citada Entidad.\u00a0<\/p><p>ATHLON, S. COOP. es titular de los elementos que integran el dise\u00f1o gr\u00e1fico de su sitio web, los men\u00fas, el c\u00f3digo HTML, los textos, marcas, logotipos, combinaciones de colores, botones, im\u00e1genes, gr\u00e1ficos y cualquier otro contenido del sitio web, as\u00ed como de la estructura, selecci\u00f3n, ordenaci\u00f3n y presentaci\u00f3n de sus contenidos o, en cualquier caso, dispone de la correspondiente autorizaci\u00f3n para la utilizaci\u00f3n de dichos elementos.\u00a0<\/p><p>Por tanto, el usuario se obliga a usar este sitio web, sus contenidos y servicios de forma diligente y correcta, de acuerdo con la Ley, la moral, los buenos usos y costumbres, al orden p\u00fablico, la buena fe y estas condiciones generales de uso, con escrupuloso respeto a los derechos de propiedad intelectual que corresponden a ATHLON, S. COOP.<\/p><p>Se proh\u00edbe expresamente al usuario que utilice el sitio web con fines il\u00edcitos, prohibidos, lesivos de derechos de terceros o que puedan, de cualquier forma, da\u00f1ar la marca, la imagen o reputaci\u00f3n de ATHLON, S. COOP.<\/p><p>El usuario responder\u00e1 de los da\u00f1os y perjuicios de cualquier clase que ATHLON, S. COOP. pueda sufrir como consecuencia del incumplimiento de cualquiera de las obligaciones a las que queda sometido por estas condiciones que sean de aplicaci\u00f3n. ATHLON, S. COOP. se reserva el ejercicio de las acciones legales oportunas en defensa de sus derechos.<\/p><p><strong>Protecci\u00f3n de datos personales<\/strong><\/p><p>En el sitio web www.athlon.eus se recaban datos personales a trav\u00e9s de varias v\u00edas, ya sea en formularios o a trav\u00e9s de la direcci\u00f3n de correo electr\u00f3nico habilitada para establecer contacto con nosotros.<\/p><p>Tales datos ser\u00e1n tratados respetando la normativa vigente en cada momento en materia de protecci\u00f3n de datos personales, y de acuerdo con la <a href=\"https:\/\/www.athlon.eus\/politica-de-privacidad\/\">pol\u00edtica de privacidad<\/a> descrita en el presente sitio web, que los usuarios deber\u00e1n leer antes de facilitar sus datos. En todo caso, en cada formulario utilizado para recabar datos personales se ha habilitado una cl\u00e1usula informativa sobre el tratamiento que se hace de los mismos.<\/p><p><strong>Comunicaciones comerciales<\/strong><\/p><p>De acuerdo con lo dispuesto por la Ley 34\/2002, de 11 de julio, de Servicios de la Sociedad de la Informaci\u00f3n y de Comercio Electr\u00f3nico (LSSICE) y de la Ley 56\/2007, de 28 de diciembre, de Medidas de Impulso de la Sociedad de la Informaci\u00f3n que la modifica, se informa a los usuarios del sitio web www.athlon.eus que no se les enviar\u00e1 publicidad o comunicaciones comerciales por correo electr\u00f3nico u otros medios de comunicaci\u00f3n electr\u00f3nica equivalentes sin su previa solicitud o consentimiento, que ser\u00e1 obtenido a trav\u00e9s de los correspondientes formularios habilitados al efecto, o bien bas\u00e1ndonos en el inter\u00e9s leg\u00edtimo o en alguno de los supuestos que contempla el art\u00edculo 21.2 de la citada LSSICE.<\/p><p>En todo caso los usuarios pondr\u00e1n oponerse o manifestar su negativa a la recepci\u00f3n de informaci\u00f3n comercial por medios electr\u00f3nicos enviando un correo electr\u00f3nico a athlon@athlon.eus, facilit\u00e1ndose esta posibilidad en cada comunicaci\u00f3n que se le env\u00ede.<\/p><p><strong>Responsabilidad del titular del sitio web<\/strong><\/p><p>ATHLON, S. COOP. no garantiza la ausencia de virus ni de otros elementos en los contenidos, por lo que no asume ninguna responsabilidad por da\u00f1os que se puedan causar en los equipos o sistemas de los usuarios por posibles virus inform\u00e1ticos que se hubieran podido contraer por la navegaci\u00f3n del usuario en el sitio web.\u00a0<\/p><p>Del mismo modo, el titular del sitio web www.athlon.eus tampoco controla ni garantiza el acceso continuado, ni la correcta visualizaci\u00f3n, descarga o utilidad de los elementos e informaciones contenidas en su sitio web, que pueden verse impedidos, dificultados o interrumpidos por factores o circunstancias que est\u00e1n fuera de su control y no se hace responsable en caso de existir interrupciones del servicio, demoras o mal funcionamiento cuando se deban a causas ajenas al control de ATHLON, S. COOP., por fuerza mayor, ni la que se deba a una actuaci\u00f3n dolosa o culposa por parte del usuario.<\/p><p>ATHLON, S. COOP. no asume ninguna responsabilidad por la informaci\u00f3n que sobre nosotros pueda existir en de sitios web de terceros ni a la que se puede acceder a trav\u00e9s de buscadores o de enlaces de terceros a nuestro sitio web www.athlon.eus.<\/p><p><strong>Uso de la web por menores de edad<\/strong><\/p><p>Aunque el sitio web www.athlon.eus no est\u00e1 dirigido a menores de edad, se les permite su acceso. No obstante, en caso de que un menor desee solicitarnos informaci\u00f3n, solo podr\u00e1 hacerlo por s\u00ed mismo si es mayor de 14 a\u00f1os. En caso de los menores de 14 a\u00f1os, deber\u00e1 hacerlo quien ostente su patria potestad, tutor o representante legal, autorizando \u00e9ste en nombre de aqu\u00e9l el tratamiento de sus datos personales por parte de la empresa, de tal forma que quienes tengan a su cargo menores de edad asumen la exclusiva responsabilidad de determinar los servicios y contenidos de este sitio web que sean apropiados para la edad de los menores a su cargo.<\/p><p>ATHLON, S. COOP. no asume ninguna responsabilidad en caso de que menores de la edad mencionada nos faciliten sus datos personales incumpliendo estas obligaciones.<\/p><p><strong>Enlaces desde otros sitios web a www.athlon.eus\u00a0<\/strong><\/p><p>Las personas o entidades que pretendan realizar o realicen un \u201chiperenlace\u201d desde una p\u00e1gina web ajena a ATHLON, S. COOP. a cualquiera de las p\u00e1ginas de www.athlon.eus deber\u00e1n someterse a las siguientes condiciones:<\/p><p>No se permite la reproducci\u00f3n ni total ni parcial de ninguno de los servicios ni contenidos de www.athlon.eus.<\/p><p>No se incluir\u00e1 ninguna manifestaci\u00f3n falsa, inexacta o incorrecta sobre las p\u00e1ginas de www.athlon.eus ni sobre los servicios o contenidos del mismo.<\/p><p>El establecimiento del \u00abhiperenlace\u00bb no implicar\u00e1 la existencia de relaciones entre ATHLON, S. COOP. y el titular de la p\u00e1gina web o del portal desde el cual se realice, ni el conocimiento y aceptaci\u00f3n de ATHLON, S. COOP. de los servicios y contenidos ofrecidos en dicho portal.<\/p><p>ATHLON, S. COOP. no ser\u00e1 responsable de los contenidos o servicios puestos a disposici\u00f3n del p\u00fablico en la p\u00e1gina web o portal desde el cual se realice el \u00abhiperenlace\u00bb ni de las informaciones y manifestaciones incluidas en las mismas.<\/p><p><strong>Cookies<\/strong><\/p><p>Las cookies son ficheros de texto de peque\u00f1o tama\u00f1o que se almacenan en el navegador y\/o dispositivo que accede o visita las p\u00e1ginas de determinados sitios web, de forma que se puedan conocer las preferencias del usuario al volver a conectarse. Las cookies almacenadas en el navegador y\/o dispositivo del usuario no pueden leer los datos contenidos en \u00e9l, acceder a informaci\u00f3n personal ni leer las cookies creadas por otros proveedores.<\/p><p>Ver informaci\u00f3n sobre las cookies utilizadas en este sitio web en el apartado \u201c<a href=\"https:\/\/www.athlon.eus\/cookies\/\">Pol\u00edtica de cookies<\/a>\u201d.<\/p><p><strong>Informaci\u00f3n sobre redes sociales<\/strong><\/p><p>Ver informaci\u00f3n detallada en el apartado \u201c<a href=\"https:\/\/www.athlon.eus\/politica-de-privacidad\/\">Pol\u00edtica de Privacidad<\/a>\u201d.<\/p><p><strong>Legislaci\u00f3n aplicable y jurisdicci\u00f3n<\/strong><\/p><p>La actividad desarrollada a trav\u00e9s del sitio web www.athlon.eus est\u00e1 sometida a la legislaci\u00f3n espa\u00f1ola vigente que resulte de aplicaci\u00f3n.\u00a0<\/p><p>Para cualquier controversia o conflicto que resulte entre ATHLON, S. COOP. y los usuarios del sitio web www.athlon.eus, las partes acuerdan expresamente someterse a la competencia de los Juzgados y Tribunales de Espa\u00f1a, concretamente los de la ciudad de Bergara (Guip\u00fazcoa), con renuncia expresa a su fuero propio si lo tuvieren.<\/p><p><strong><em>Texto de fecha: 23 de enero de 2026<\/em><\/strong><\/p>\t\t\t\t\t\t\t\t<\/div>\n\t\t\t\t<\/div>\n\t\t\t\t<\/div>\n\t\t","protected":false},"excerpt":{"rendered":"<p>Informaci\u00f3n y condiciones de uso\u00a0 Informaci\u00f3n legal El art\u00edculo 10 de la Ley 34\/2002, de 11 de julio, de Servicios de la Sociedad de la Informaci\u00f3n y de Comercio Electr\u00f3nico establece la obligaci\u00f3n de todos los prestadores de servicios de la sociedad de la informaci\u00f3n de disponer de medios que permitan, tanto a los destinatarios [&hellip;]<\/p>\n","protected":false},"author":2,"featured_media":0,"parent":0,"menu_order":0,"comment_status":"closed","ping_status":"closed","template":"","meta":{"_acf_changed":false,"footnotes":""},"class_list":["post-11463","page","type-page","status-publish","hentry"],"acf":[],"yoast_head":"<!-- This site is optimized with the Yoast SEO plugin v27.5 - https:\/\/yoast.com\/product\/yoast-seo-wordpress\/ -->\n<title>Aviso legal &#8226; Athlon<\/title>\n<meta name=\"robots\" content=\"index, follow, max-snippet:-1, max-image-preview:large, max-video-preview:-1\" \/>\n<link rel=\"canonical\" href=\"https:\/\/www.athlon.eus\/es\/aviso-legal\/\" \/>\n<meta property=\"og:locale\" content=\"es_ES\" \/>\n<meta property=\"og:type\" content=\"article\" \/>\n<meta property=\"og:title\" content=\"Aviso legal &#8226; Athlon\" \/>\n<meta property=\"og:description\" content=\"Informaci\u00f3n y condiciones de uso\u00a0 Informaci\u00f3n legal El art\u00edculo 10 de la Ley 34\/2002, de 11 de julio, de Servicios de la Sociedad de la Informaci\u00f3n y de Comercio Electr\u00f3nico establece la obligaci\u00f3n de todos los prestadores de servicios de la sociedad de la informaci\u00f3n de disponer de medios que permitan, tanto a los destinatarios [&hellip;]\" \/>\n<meta property=\"og:url\" content=\"https:\/\/www.athlon.eus\/es\/aviso-legal\/\" \/>\n<meta property=\"og:site_name\" content=\"Athlon\" \/>\n<meta property=\"article:publisher\" content=\"https:\/\/www.facebook.com\/AthlonKoop\/\" \/>\n<meta property=\"article:modified_time\" content=\"2026-04-27T11:48:47+00:00\" \/>\n<meta property=\"og:image\" content=\"https:\/\/www.athlon.eus\/wp-content\/uploads\/2026\/01\/main-image.jpg\" \/>\n\t<meta property=\"og:image:width\" content=\"1920\" \/>\n\t<meta property=\"og:image:height\" content=\"1200\" \/>\n\t<meta property=\"og:image:type\" content=\"image\/jpeg\" \/>\n<meta name=\"twitter:card\" content=\"summary_large_image\" \/>\n<meta name=\"twitter:label1\" content=\"Tiempo de lectura\" \/>\n\t<meta name=\"twitter:data1\" content=\"10 minutos\" \/>\n<script type=\"application\/ld+json\" class=\"yoast-schema-graph\">{\"@context\":\"https:\\\/\\\/schema.org\",\"@graph\":[{\"@type\":\"WebPage\",\"@id\":\"https:\\\/\\\/www.athlon.eus\\\/es\\\/aviso-legal\\\/\",\"url\":\"https:\\\/\\\/www.athlon.eus\\\/es\\\/aviso-legal\\\/\",\"name\":\"Aviso legal &#8226; Athlon\",\"isPartOf\":{\"@id\":\"https:\\\/\\\/www.athlon.eus\\\/es\\\/#website\"},\"datePublished\":\"2026-02-03T11:15:33+00:00\",\"dateModified\":\"2026-04-27T11:48:47+00:00\",\"breadcrumb\":{\"@id\":\"https:\\\/\\\/www.athlon.eus\\\/es\\\/aviso-legal\\\/#breadcrumb\"},\"inLanguage\":\"es\",\"potentialAction\":[{\"@type\":\"ReadAction\",\"target\":[\"https:\\\/\\\/www.athlon.eus\\\/es\\\/aviso-legal\\\/\"]}]},{\"@type\":\"BreadcrumbList\",\"@id\":\"https:\\\/\\\/www.athlon.eus\\\/es\\\/aviso-legal\\\/#breadcrumb\",\"itemListElement\":[{\"@type\":\"ListItem\",\"position\":1,\"name\":\"Inicio\",\"item\":\"https:\\\/\\\/www.athlon.eus\\\/es\\\/\"},{\"@type\":\"ListItem\",\"position\":2,\"name\":\"Aviso legal\"}]},{\"@type\":\"WebSite\",\"@id\":\"https:\\\/\\\/www.athlon.eus\\\/es\\\/#website\",\"url\":\"https:\\\/\\\/www.athlon.eus\\\/es\\\/\",\"name\":\"Athlon\",\"description\":\"Jarduera fisikoa bizi-ohitura osasungarri gisa sustatzea\",\"publisher\":{\"@id\":\"https:\\\/\\\/www.athlon.eus\\\/es\\\/#organization\"},\"potentialAction\":[{\"@type\":\"SearchAction\",\"target\":{\"@type\":\"EntryPoint\",\"urlTemplate\":\"https:\\\/\\\/www.athlon.eus\\\/es\\\/?s={search_term_string}\"},\"query-input\":{\"@type\":\"PropertyValueSpecification\",\"valueRequired\":true,\"valueName\":\"search_term_string\"}}],\"inLanguage\":\"es\"},{\"@type\":\"Organization\",\"@id\":\"https:\\\/\\\/www.athlon.eus\\\/es\\\/#organization\",\"name\":\"ATHLON KOOP. E.\",\"alternateName\":\"Athlon. Bizimodu osasungarrien sustapena\",\"url\":\"https:\\\/\\\/www.athlon.eus\\\/es\\\/\",\"logo\":{\"@type\":\"ImageObject\",\"inLanguage\":\"es\",\"@id\":\"https:\\\/\\\/www.athlon.eus\\\/es\\\/#\\\/schema\\\/logo\\\/image\\\/\",\"url\":\"https:\\\/\\\/www.athlon.eus\\\/wp-content\\\/uploads\\\/2025\\\/12\\\/logo_cg.svg\",\"contentUrl\":\"https:\\\/\\\/www.athlon.eus\\\/wp-content\\\/uploads\\\/2025\\\/12\\\/logo_cg.svg\",\"width\":547,\"height\":267,\"caption\":\"ATHLON KOOP. E.\"},\"image\":{\"@id\":\"https:\\\/\\\/www.athlon.eus\\\/es\\\/#\\\/schema\\\/logo\\\/image\\\/\"},\"sameAs\":[\"https:\\\/\\\/www.facebook.com\\\/AthlonKoop\\\/\",\"https:\\\/\\\/www.instagram.com\\\/athlonkoop\\\/?hl=es\",\"https:\\\/\\\/www.youtube.com\\\/user\\\/Athlonscoop\\\/videos\",\"https:\\\/\\\/www.flickr.com\\\/photos\\\/68190106@N08\\\/\"]}]}<\/script>\n<!-- \/ Yoast SEO plugin. -->","yoast_head_json":{"title":"Aviso legal &#8226; Athlon","robots":{"index":"index","follow":"follow","max-snippet":"max-snippet:-1","max-image-preview":"max-image-preview:large","max-video-preview":"max-video-preview:-1"},"canonical":"https:\/\/www.athlon.eus\/es\/aviso-legal\/","og_locale":"es_ES","og_type":"article","og_title":"Aviso legal &#8226; Athlon","og_description":"Informaci\u00f3n y condiciones de uso\u00a0 Informaci\u00f3n legal El art\u00edculo 10 de la Ley 34\/2002, de 11 de julio, de Servicios de la Sociedad de la Informaci\u00f3n y de Comercio Electr\u00f3nico establece la obligaci\u00f3n de todos los prestadores de servicios de la sociedad de la informaci\u00f3n de disponer de medios que permitan, tanto a los destinatarios [&hellip;]","og_url":"https:\/\/www.athlon.eus\/es\/aviso-legal\/","og_site_name":"Athlon","article_publisher":"https:\/\/www.facebook.com\/AthlonKoop\/","article_modified_time":"2026-04-27T11:48:47+00:00","og_image":[{"width":1920,"height":1200,"url":"https:\/\/www.athlon.eus\/wp-content\/uploads\/2026\/01\/main-image.jpg","type":"image\/jpeg"}],"twitter_card":"summary_large_image","twitter_misc":{"Tiempo de lectura":"10 minutos"},"schema":{"@context":"https:\/\/schema.org","@graph":[{"@type":"WebPage","@id":"https:\/\/www.athlon.eus\/es\/aviso-legal\/","url":"https:\/\/www.athlon.eus\/es\/aviso-legal\/","name":"Aviso legal &#8226; Athlon","isPartOf":{"@id":"https:\/\/www.athlon.eus\/es\/#website"},"datePublished":"2026-02-03T11:15:33+00:00","dateModified":"2026-04-27T11:48:47+00:00","breadcrumb":{"@id":"https:\/\/www.athlon.eus\/es\/aviso-legal\/#breadcrumb"},"inLanguage":"es","potentialAction":[{"@type":"ReadAction","target":["https:\/\/www.athlon.eus\/es\/aviso-legal\/"]}]},{"@type":"BreadcrumbList","@id":"https:\/\/www.athlon.eus\/es\/aviso-legal\/#breadcrumb","itemListElement":[{"@type":"ListItem","position":1,"name":"Inicio","item":"https:\/\/www.athlon.eus\/es\/"},{"@type":"ListItem","position":2,"name":"Aviso legal"}]},{"@type":"WebSite","@id":"https:\/\/www.athlon.eus\/es\/#website","url":"https:\/\/www.athlon.eus\/es\/","name":"Athlon","description":"Jarduera fisikoa bizi-ohitura osasungarri gisa sustatzea","publisher":{"@id":"https:\/\/www.athlon.eus\/es\/#organization"},"potentialAction":[{"@type":"SearchAction","target":{"@type":"EntryPoint","urlTemplate":"https:\/\/www.athlon.eus\/es\/?s={search_term_string}"},"query-input":{"@type":"PropertyValueSpecification","valueRequired":true,"valueName":"search_term_string"}}],"inLanguage":"es"},{"@type":"Organization","@id":"https:\/\/www.athlon.eus\/es\/#organization","name":"ATHLON KOOP. E.","alternateName":"Athlon. Bizimodu osasungarrien sustapena","url":"https:\/\/www.athlon.eus\/es\/","logo":{"@type":"ImageObject","inLanguage":"es","@id":"https:\/\/www.athlon.eus\/es\/#\/schema\/logo\/image\/","url":"https:\/\/www.athlon.eus\/wp-content\/uploads\/2025\/12\/logo_cg.svg","contentUrl":"https:\/\/www.athlon.eus\/wp-content\/uploads\/2025\/12\/logo_cg.svg","width":547,"height":267,"caption":"ATHLON KOOP. E."},"image":{"@id":"https:\/\/www.athlon.eus\/es\/#\/schema\/logo\/image\/"},"sameAs":["https:\/\/www.facebook.com\/AthlonKoop\/","https:\/\/www.instagram.com\/athlonkoop\/?hl=es","https:\/\/www.youtube.com\/user\/Athlonscoop\/videos","https:\/\/www.flickr.com\/photos\/68190106@N08\/"]}]}},"_links":{"self":[{"href":"https:\/\/www.athlon.eus\/es\/wp-json\/wp\/v2\/pages\/11463","targetHints":{"allow":["GET"]}}],"collection":[{"href":"https:\/\/www.athlon.eus\/es\/wp-json\/wp\/v2\/pages"}],"about":[{"href":"https:\/\/www.athlon.eus\/es\/wp-json\/wp\/v2\/types\/page"}],"author":[{"embeddable":true,"href":"https:\/\/www.athlon.eus\/es\/wp-json\/wp\/v2\/users\/2"}],"replies":[{"embeddable":true,"href":"https:\/\/www.athlon.eus\/es\/wp-json\/wp\/v2\/comments?post=11463"}],"version-history":[{"count":1,"href":"https:\/\/www.athlon.eus\/es\/wp-json\/wp\/v2\/pages\/11463\/revisions"}],"predecessor-version":[{"id":11465,"href":"https:\/\/www.athlon.eus\/es\/wp-json\/wp\/v2\/pages\/11463\/revisions\/11465"}],"wp:attachment":[{"href":"https:\/\/www.athlon.eus\/es\/wp-json\/wp\/v2\/media?parent=11463"}],"curies":[{"name":"wp","href":"https:\/\/api.w.org\/{rel}","templated":true}]}}